{"id":21187,"date":"2026-03-28T19:38:49","date_gmt":"2026-03-28T18:38:49","guid":{"rendered":"https:\/\/elsalvador.travel\/esp\/?page_id=21187"},"modified":"2026-03-28T20:00:34","modified_gmt":"2026-03-28T19:00:34","slug":"turismo-religioso","status":"publish","type":"page","link":"https:\/\/elsalvador.travel\/esp\/en\/turismo-religioso\/","title":{"rendered":"Turismo religioso"},"content":{"rendered":"<div data-elementor-type=\"wp-page\" data-elementor-id=\"21187\" class=\"elementor elementor-21187\" data-elementor-post-type=\"page\">\n\t\t\t\t<div class=\"elementor-element elementor-element-0467679 e-flex e-con-boxed e-con e-parent\" data-id=\"0467679\" data-element_type=\"container\" data-e-type=\"container\">\n\t\t\t\t\t<div class=\"e-con-inner\">\n\t\t\t\t<div class=\"elementor-element elementor-element-63d9c81 elementor-widget elementor-widget-heading\" data-id=\"63d9c81\" data-element_type=\"widget\" data-e-type=\"widget\" data-widget_type=\"heading.default\">\n\t\t\t\t<div class=\"elementor-widget-container\">\n\t\t\t\t\t<h2 class=\"elementor-heading-title elementor-size-default\">Turismo religioso<\/h2>\t\t\t\t<\/div>\n\t\t\t\t<\/div>\n\t\t\t\t<div class=\"elementor-element elementor-element-5844c98 elementor-widget elementor-widget-video\" data-id=\"5844c98\" data-element_type=\"widget\" data-e-type=\"widget\" data-settings=\"{&quot;video_type&quot;:&quot;hosted&quot;,&quot;autoplay&quot;:&quot;yes&quot;,&quot;mute&quot;:&quot;yes&quot;,&quot;loop&quot;:&quot;yes&quot;}\" data-widget_type=\"video.default\">\n\t\t\t\t<div class=\"elementor-widget-container\">\n\t\t\t\t\t\t\t<div class=\"e-hosted-video elementor-wrapper elementor-open-inline\">\n\t\t\t\t\t<video class=\"elementor-video\" src=\"https:\/\/elsalvador.travel\/esp\/videos\/semanasanta.mp4\" autoplay=\"\" loop=\"\" muted=\"muted\" controlslist=\"nodownload\"><\/video>\n\t\t\t\t<\/div>\n\t\t\t\t\t\t<\/div>\n\t\t\t\t<\/div>\n\t\t\t\t\t<\/div>\n\t\t\t\t<\/div>\n\t\t<div class=\"elementor-element elementor-element-16b5f15 e-flex e-con-boxed e-con e-parent\" data-id=\"16b5f15\" data-element_type=\"container\" data-e-type=\"container\" data-settings=\"{&quot;background_background&quot;:&quot;gradient&quot;}\">\n\t\t\t\t\t<div class=\"e-con-inner\">\n\t\t\t\t<div class=\"elementor-element elementor-element-f64c66c elementor-nav-menu__align-center elementor-nav-menu--dropdown-none elementor-widget elementor-widget-nav-menu\" data-id=\"f64c66c\" data-element_type=\"widget\" data-e-type=\"widget\" data-settings=\"{&quot;layout&quot;:&quot;horizontal&quot;,&quot;submenu_icon&quot;:{&quot;value&quot;:&quot;&lt;svg aria-hidden=\\&quot;true\\&quot; class=\\&quot;e-font-icon-svg e-fas-caret-down\\&quot; viewBox=\\&quot;0 0 320 512\\&quot; xmlns=\\&quot;http:\\\/\\\/www.w3.org\\\/2000\\\/svg\\&quot;&gt;&lt;path d=\\&quot;M31.3 192h257.3c17.8 0 26.7 21.5 14.1 34.1L174.1 354.8c-7.8 7.8-20.5 7.8-28.3 0L17.2 226.1C4.6 213.5 13.5 192 31.3 192z\\&quot;&gt;&lt;\\\/path&gt;&lt;\\\/svg&gt;&quot;,&quot;library&quot;:&quot;fa-solid&quot;}}\" data-widget_type=\"nav-menu.default\">\n\t\t\t\t<div class=\"elementor-widget-container\">\n\t\t\t\t\t\t\t\t<nav aria-label=\"Menu\" class=\"elementor-nav-menu--main elementor-nav-menu__container elementor-nav-menu--layout-horizontal e--pointer-framed e--animation-fade\">\n\t\t\t\t<ul id=\"menu-1-f64c66c\" class=\"elementor-nav-menu\"><li class=\"menu-item menu-item-type-custom menu-item-object-custom menu-item-has-children menu-item-19387\"><a class=\"elementor-item\">Choose activities or special scheduled events<\/a>\n<ul class=\"sub-menu elementor-nav-menu--dropdown\">\n\t<li class=\"menu-item menu-item-type-post_type menu-item-object-page menu-item-19335\"><a href=\"https:\/\/elsalvador.travel\/esp\/en\/agenda\/\" class=\"elementor-sub-item\">Activities at tourist destinations<\/a><\/li>\n\t<li class=\"menu-item menu-item-type-post_type menu-item-object-page menu-item-21608\"><a href=\"https:\/\/elsalvador.travel\/esp\/en\/agenda\/promociones-especiales\/\" class=\"elementor-sub-item\">Promociones Finde largo<\/a><\/li>\n\t<li class=\"menu-item menu-item-type-post_type menu-item-object-page menu-item-19337\"><a href=\"https:\/\/elsalvador.travel\/esp\/en\/agenda\/promociones\/\" class=\"elementor-sub-item\">Special offers at shops and hotels<\/a><\/li>\n\t<li class=\"menu-item menu-item-type-post_type menu-item-object-page menu-item-19368\"><a href=\"https:\/\/elsalvador.travel\/esp\/en\/agenda\/promociones-transporte-terrestre\/\" class=\"elementor-sub-item\">Special offers for tourism transportation<\/a><\/li>\n\t<li class=\"menu-item menu-item-type-post_type menu-item-object-page menu-item-19374\"><a href=\"https:\/\/elsalvador.travel\/esp\/en\/agenda\/promociones-aerolineas\/\" class=\"elementor-sub-item\">Special offers at airlines<\/a><\/li>\n\t<li class=\"menu-item menu-item-type-post_type menu-item-object-page menu-item-19336\"><a href=\"https:\/\/elsalvador.travel\/esp\/en\/agenda\/cruceros\/\" class=\"elementor-sub-item\">Cruise ship schedules<\/a><\/li>\n<\/ul>\n<\/li>\n<\/ul>\t\t\t<\/nav>\n\t\t\t\t\t\t<nav class=\"elementor-nav-menu--dropdown elementor-nav-menu__container\" aria-hidden=\"true\">\n\t\t\t\t<ul id=\"menu-2-f64c66c\" class=\"elementor-nav-menu\"><li class=\"menu-item menu-item-type-custom menu-item-object-custom menu-item-has-children menu-item-19387\"><a class=\"elementor-item\" tabindex=\"-1\">Choose activities or special scheduled events<\/a>\n<ul class=\"sub-menu elementor-nav-menu--dropdown\">\n\t<li class=\"menu-item menu-item-type-post_type menu-item-object-page menu-item-19335\"><a href=\"https:\/\/elsalvador.travel\/esp\/en\/agenda\/\" class=\"elementor-sub-item\" tabindex=\"-1\">Activities at tourist destinations<\/a><\/li>\n\t<li class=\"menu-item menu-item-type-post_type menu-item-object-page menu-item-21608\"><a href=\"https:\/\/elsalvador.travel\/esp\/en\/agenda\/promociones-especiales\/\" class=\"elementor-sub-item\" tabindex=\"-1\">Promociones Finde largo<\/a><\/li>\n\t<li class=\"menu-item menu-item-type-post_type menu-item-object-page menu-item-19337\"><a href=\"https:\/\/elsalvador.travel\/esp\/en\/agenda\/promociones\/\" class=\"elementor-sub-item\" tabindex=\"-1\">Special offers at shops and hotels<\/a><\/li>\n\t<li class=\"menu-item menu-item-type-post_type menu-item-object-page menu-item-19368\"><a href=\"https:\/\/elsalvador.travel\/esp\/en\/agenda\/promociones-transporte-terrestre\/\" class=\"elementor-sub-item\" tabindex=\"-1\">Special offers for tourism transportation<\/a><\/li>\n\t<li class=\"menu-item menu-item-type-post_type menu-item-object-page menu-item-19374\"><a href=\"https:\/\/elsalvador.travel\/esp\/en\/agenda\/promociones-aerolineas\/\" class=\"elementor-sub-item\" tabindex=\"-1\">Special offers at airlines<\/a><\/li>\n\t<li class=\"menu-item menu-item-type-post_type menu-item-object-page menu-item-19336\"><a href=\"https:\/\/elsalvador.travel\/esp\/en\/agenda\/cruceros\/\" class=\"elementor-sub-item\" tabindex=\"-1\">Cruise ship schedules<\/a><\/li>\n<\/ul>\n<\/li>\n<\/ul>\t\t\t<\/nav>\n\t\t\t\t\t\t<\/div>\n\t\t\t\t<\/div>\n\t\t\t\t<div class=\"elementor-element elementor-element-bd8031e elementor-widget elementor-widget-html\" data-id=\"bd8031e\" data-element_type=\"widget\" data-e-type=\"widget\" data-widget_type=\"html.default\">\n\t\t\t\t<div class=\"elementor-widget-container\">\n\t\t\t\t\t<input type=\"text\" id=\"filtro\" placeholder=\"Buscar...\" \/>\t\t\t\t<\/div>\n\t\t\t\t<\/div>\n\t\t\t\t<div class=\"elementor-element elementor-element-3086826 elementor-widget elementor-widget-ova_events_search_ajax\" data-id=\"3086826\" data-element_type=\"widget\" data-e-type=\"widget\" id=\"contenedor-items\" data-widget_type=\"ova_events_search_ajax.default\">\n\t\t\t\t<div class=\"elementor-widget-container\">\n\t\t\t\t\t\n<div class=\"ovaev-wrapper-search-ajax\">\n\t<!-- Search form -->\n\t<div class=\"ovaev-search-ajax-form search_archive_event\">\n\t\t<form action=\"https:\/\/elsalvador.travel\/esp\/en\/event\/\" method=\"POST\" name=\"search_ajax_event\" autocomplete=\"off\" data-trp-original-action=\"https:\/\/elsalvador.travel\/esp\/en\/event\/\">\n\t\t\t<div class=\"start_date\">\n\t\t\t\t<label class=\"second_font ova-label-search\">\n\t\t\t\t\tHome\t\t\t\t<\/label>\n\t\t\t\t<input\n\t\t\t\t\ttype=\"text\"\n\t\t\t\t\tid=\"ovaev_start_date_search\"\n\t\t\t\t\tclass=\"ovaev_start_date_search\"\n\t\t\t\t\tname=\"ovaev_start_date_search\"\n\t\t\t\t\tvalue=\"\"\n\t\t\t\t\tplaceholder=\"Choose Date\"\n\t\t\t\t\tdata-lang=\"es\"\n\t\t\t\t\tdata-date=\"d-m-Y\"\n\t\t\t\t\tdata-time=\"H:i\"\n\t\t\t\t\tdata-first-day=\"1\"\n\t\t\t\t\/>\n\t\t\t\t<i class=\"far fa-calendar-alt\"><\/i>\n\t\t\t<\/div>\n\t\t\t<div class=\"end_date\">\n\t\t\t\t<label class=\"second_font ova-label-search\">\n\t\t\t\t\tFin\t\t\t\t<\/label>\n\t\t\t\t<input\n\t\t\t\t\ttype=\"text\"\n\t\t\t\t\tid=\"ovaev_end_date_search\"\n\t\t\t\t\tclass=\"ovaev_end_date_search\"\n\t\t\t\t\tname=\"ovaev_end_date_search\"\n\t\t\t\t\tvalue=\"\"\n\t\t\t\t\tplaceholder=\"Choose Date\"\n\t\t\t\t\tdata-lang=\"es\"\n\t\t\t\t\tdata-date=\"d-m-Y\"\n\t\t\t\t\tdata-first-day=\"1\"\n\t\t\t\t\/>\n\t\t\t\t<i class=\"far fa-calendar-alt\"><\/i>\n\t\t\t<\/div>\n\t\t\t<div class=\"ovaev_cat_search\">\n\t\t\t\t<label class=\"second_font ova-label-search\" for=\"ovaev_type\">\n\t\t\t\t\tDepartamento\t\t\t\t<\/label>\n\t\t\t\t<select  name='ovaev_type' id='ovaev_type' class='ovaev_type'>\n\t<option value='' selected='selected'>All Categories<\/option>\n\t<option class=\"level-0\" value=\"san-salvador\">San Salvador<\/option>\n\t<option class=\"level-0\" value=\"santa-ana\">Santa Ana<\/option>\n\t<option class=\"level-0\" value=\"ahuachapan\">Ahuachap\u00e1n<\/option>\n\t<option class=\"level-0\" value=\"sonsonate\">Sonsonate<\/option>\n\t<option class=\"level-0\" value=\"chalatenango\">Chalatenango<\/option>\n\t<option class=\"level-0\" value=\"la-libertad\">La Libertad<\/option>\n\t<option class=\"level-0\" value=\"cuscatlan\">Cuscatl\u00e1n<\/option>\n\t<option class=\"level-0\" value=\"san-vicente\">San Vicente<\/option>\n\t<option class=\"level-0\" value=\"la-paz\">La Paz<\/option>\n\t<option class=\"level-0\" value=\"morazan\">Moraz\u00e1n<\/option>\n\t<option class=\"level-0\" value=\"la-union\">La Uni\u00f3n<\/option>\n\t<option class=\"level-0\" value=\"san-miguel\">San Miguel<\/option>\n\t<option class=\"level-0\" value=\"usulutan\">Usulut\u00e1n<\/option>\n\t<option class=\"level-0\" value=\"cabanas\">Caba\u00f1as<\/option>\n\t<option class=\"level-0\" value=\"destacado\">Destacado<\/option>\n\t<option class=\"level-0\" value=\"turismo-religioso\">Turismo religioso<\/option>\n\t<option class=\"level-0\" value=\"agenda\">Activities<\/option>\n<\/select>\n\t\t\t\t<i class=\"arrow_carrot-down\"><\/i>\n\t\t\t<\/div>\n\t\t<input type=\"hidden\" name=\"trp-form-language\" value=\"en\"\/><\/form>\n\t<\/div><!-- End search form -->\n\n\t<!-- Events -->\n\t<div class=\"ovaev-search-ajax-container\">\n\t\t<div class=\"search-ajax-content\">\n\t\t\t<div class=\"archive_event ovaev-search-ajax-events\">\n\t\t\t\t\t\t\t\t\t<div class=\"search_not_found\">\n\t\t\t\t\t\tNo events found!\t\t\t\t\t<\/div>\n\t\t\t\t\t\t\t<\/div>\n\t\t\t<div class=\"data-events\"\n\t\t\t\tdata-layout=\"\"\n\t\t\t\tdata-column=\"\"\n\t\t\t\tdata-per-page=\"\"\n\t\t\t\tdata-order=\"\"\n\t\t\t\tdata-orderby=\"\"\n\t\t\t\tdata-category-slug=\"\"\n\t\t\t\tdata-time-event=\"\">\n\t\t\t<\/div>\n\t\t<\/div>\n\t\t<div class=\"wrap_loader\">\n\t\t\t<svg class=\"loader\" width=\"50\" height=\"50\">\n\t\t\t\t<circle cx=\"25\" cy=\"25\" r=\"10\" stroke=\"#a1a1a1\"\/>\n\t\t\t\t<circle cx=\"25\" cy=\"25\" r=\"20\" stroke=\"#a1a1a1\"\/>\n\t\t\t<\/svg>\n\t\t<\/div>\n\t<\/div><!-- End events -->\n\n\t<!-- Pagination -->\n\t<div class=\"search-ajax-pagination-wrapper\">\n\t\t\t<\/div><!-- END pagination -->\n<\/div>\n\t\t\t\t<\/div>\n\t\t\t\t<\/div>\n\t\t\t\t\t<\/div>\n\t\t\t\t<\/div>\n\t\t\t\t<\/div>","protected":false},"excerpt":{"rendered":"<p>Turismo religioso https:\/\/elsalvador.travel\/esp\/videos\/semanasanta.mp4 Inicio Fin Departamento All CategoriesSan SalvadorSanta AnaAhuachap\u00e1nSonsonateChalatenangoLa LibertadCuscatl\u00e1nSan VicenteLa PazMoraz\u00e1nLa Uni\u00f3nSan MiguelUsulut\u00e1nCaba\u00f1asDestacadoTurismo religioso 28 Mar 2026 Ahuachap\u00e1n, Turismo religioso Vive la Semana Santa en Apaneca 28 de marzo de 2026 &#8211; Principales calles de Apaneca M\u00e1s informaci\u00f3n More details 28 Mar 2026 San Salvador, Turismo religioso Semana Santa 2026 Parroquia El Carmen [&hellip;]<\/p>\n","protected":false},"author":1,"featured_media":4180,"parent":0,"menu_order":0,"comment_status":"closed","ping_status":"closed","template":"","meta":{"_acf_changed":false,"footnotes":""},"class_list":["post-21187","page","type-page","status-publish","has-post-thumbnail","hentry"],"acf":[],"publishpress_future_action":{"enabled":false,"date":"2026-05-08 22:14:50","action":"change-status","newStatus":"draft","terms":[],"taxonomy":"","extraData":[]},"publishpress_future_workflow_manual_trigger":{"enabledWorkflows":[]},"_links":{"self":[{"href":"https:\/\/elsalvador.travel\/esp\/en\/wp-json\/wp\/v2\/pages\/21187","targetHints":{"allow":["GET"]}}],"collection":[{"href":"https:\/\/elsalvador.travel\/esp\/en\/wp-json\/wp\/v2\/pages"}],"about":[{"href":"https:\/\/elsalvador.travel\/esp\/en\/wp-json\/wp\/v2\/types\/page"}],"author":[{"embeddable":true,"href":"https:\/\/elsalvador.travel\/esp\/en\/wp-json\/wp\/v2\/users\/1"}],"replies":[{"embeddable":true,"href":"https:\/\/elsalvador.travel\/esp\/en\/wp-json\/wp\/v2\/comments?post=21187"}],"version-history":[{"count":10,"href":"https:\/\/elsalvador.travel\/esp\/en\/wp-json\/wp\/v2\/pages\/21187\/revisions"}],"predecessor-version":[{"id":21198,"href":"https:\/\/elsalvador.travel\/esp\/en\/wp-json\/wp\/v2\/pages\/21187\/revisions\/21198"}],"wp:featuredmedia":[{"embeddable":true,"href":"https:\/\/elsalvador.travel\/esp\/en\/wp-json\/wp\/v2\/media\/4180"}],"wp:attachment":[{"href":"https:\/\/elsalvador.travel\/esp\/en\/wp-json\/wp\/v2\/media?parent=21187"}],"curies":[{"name":"wp","href":"https:\/\/api.w.org\/{rel}","templated":true}]}}