{"id":16619,"date":"2025-06-07T02:34:22","date_gmt":"2025-06-07T00:34:22","guid":{"rendered":"https:\/\/elsalvador.travel\/esp\/?page_id=16619"},"modified":"2025-09-10T19:46:21","modified_gmt":"2025-09-10T17:46:21","slug":"sobre-el-salvador","status":"publish","type":"page","link":"https:\/\/elsalvador.travel\/esp\/en\/sobre-el-salvador\/","title":{"rendered":"About El Salvador"},"content":{"rendered":"<div data-elementor-type=\"wp-page\" data-elementor-id=\"16619\" class=\"elementor elementor-16619\" data-elementor-post-type=\"page\">\n\t\t\t\t<div class=\"elementor-element elementor-element-43008a7 e-flex e-con-boxed e-con e-parent\" data-id=\"43008a7\" data-element_type=\"container\" data-e-type=\"container\">\n\t\t\t\t\t<div class=\"e-con-inner\">\n\t\t\t\t<div class=\"elementor-element elementor-element-6d666c8 elementor-widget elementor-widget-spacer\" data-id=\"6d666c8\" data-element_type=\"widget\" data-e-type=\"widget\" data-widget_type=\"spacer.default\">\n\t\t\t\t<div class=\"elementor-widget-container\">\n\t\t\t\t\t\t\t<div class=\"elementor-spacer\">\n\t\t\t<div class=\"elementor-spacer-inner\"><\/div>\n\t\t<\/div>\n\t\t\t\t\t\t<\/div>\n\t\t\t\t<\/div>\n\t\t\t\t\t<\/div>\n\t\t\t\t<\/div>\n\t\t<div class=\"elementor-element elementor-element-d189f90 e-flex e-con-boxed e-con e-parent\" data-id=\"d189f90\" data-element_type=\"container\" data-e-type=\"container\">\n\t\t\t\t\t<div class=\"e-con-inner\">\n\t\t\t\t<div class=\"elementor-element elementor-element-1e9ca85 elementor-widget elementor-widget-heading\" data-id=\"1e9ca85\" data-element_type=\"widget\" data-e-type=\"widget\" data-widget_type=\"heading.default\">\n\t\t\t\t<div class=\"elementor-widget-container\">\n\t\t\t\t\t<h2 class=\"elementor-heading-title elementor-size-default\">About El Salvador<\/h2>\t\t\t\t<\/div>\n\t\t\t\t<\/div>\n\t\t\t\t\t<\/div>\n\t\t\t\t<\/div>\n\t\t<div class=\"elementor-element elementor-element-961e0a2 e-flex e-con-boxed e-con e-parent\" data-id=\"961e0a2\" data-element_type=\"container\" data-e-type=\"container\">\n\t\t\t\t\t<div class=\"e-con-inner\">\n\t\t\t\t<div class=\"elementor-element elementor-element-d5ff5a7 e-n-tabs-mobile elementor-widget elementor-widget-n-tabs\" data-id=\"d5ff5a7\" data-element_type=\"widget\" data-e-type=\"widget\" data-settings=\"{&quot;horizontal_scroll&quot;:&quot;disable&quot;}\" data-widget_type=\"nested-tabs.default\">\n\t\t\t\t<div class=\"elementor-widget-container\">\n\t\t\t\t\t\t\t<div class=\"e-n-tabs\" data-widget-number=\"224392615\" aria-label=\"Pesta\u00f1as. Abre elementos con Intro o Espacio, ci\u00e9rralos con Escape y navega con las fechas.\">\n\t\t\t<div class=\"e-n-tabs-heading\" role=\"tablist\">\n\t\t\t\t\t<button id=\"e-n-tab-title-2243926151\" data-tab-title-id=\"e-n-tab-title-2243926151\" class=\"e-n-tab-title\" aria-selected=\"true\" data-tab-index=\"1\" role=\"tab\" tabindex=\"0\" aria-controls=\"e-n-tab-content-2243926151\" style=\"--n-tabs-title-order: 1;\">\n\t\t\t\t\t\t<span class=\"e-n-tab-title-text\">\n\t\t\t\tWelcome!\t\t\t<\/span>\n\t\t<\/button>\n\t\t\t\t<button id=\"e-n-tab-title-2243926152\" data-tab-title-id=\"e-n-tab-title-2243926152\" class=\"e-n-tab-title\" aria-selected=\"false\" data-tab-index=\"2\" role=\"tab\" tabindex=\"-1\" aria-controls=\"e-n-tab-content-2243926152\" style=\"--n-tabs-title-order: 2;\">\n\t\t\t\t\t\t<span class=\"e-n-tab-title-text\">\n\t\t\t\tEntry Requirements\t\t\t<\/span>\n\t\t<\/button>\n\t\t\t\t\t<\/div>\n\t\t\t<div class=\"e-n-tabs-content\">\n\t\t\t\t<div id=\"e-n-tab-content-2243926151\" role=\"tabpanel\" aria-labelledby=\"e-n-tab-title-2243926151\" data-tab-index=\"1\" style=\"--n-tabs-title-order: 1;\" class=\"e-active elementor-element elementor-element-1dfff98 e-con-full e-flex e-con e-child\" data-id=\"1dfff98\" data-element_type=\"container\" data-e-type=\"container\" data-settings=\"{&quot;background_background&quot;:&quot;classic&quot;}\">\n\t\t<div class=\"elementor-element elementor-element-2f212ef e-flex e-con-boxed e-con e-child\" data-id=\"2f212ef\" data-element_type=\"container\" data-e-type=\"container\">\n\t\t\t\t\t<div class=\"e-con-inner\">\n\t\t\t\t<div class=\"elementor-element elementor-element-a429b60 elementor-widget elementor-widget-text-editor\" data-id=\"a429b60\" data-element_type=\"widget\" data-e-type=\"widget\" data-widget_type=\"text-editor.default\">\n\t\t\t\t<div class=\"elementor-widget-container\">\n\t\t\t\t\t\t\t\t\t<p>Welcome! We are the official tourism promotion platform of El Salvador.<\/p><p>However, each visitor must follow the entry requirements established by the countries where the flight makes a stopover, prior to arrival in El Salvador.<\/p><p>Our mission is to assist you comprehensively so you can have the best experience possible. We offer a constantly updated content guide.<\/p><p>You can explore to discover the destinations you want to visit, such as our beautiful and paradisiacal beaches, the Surf City circuit, as well as nature, adventure, colonial cities and towns, archaeological parks, and health and wellness activities.<\/p><p>We help you get in contact with tourism businesses for accommodation, transportation, restaurants, tour operators, and certified tour guides to ensure a safe experience. Enjoy!<\/p>\t\t\t\t\t\t\t\t<\/div>\n\t\t\t\t<\/div>\n\t\t\t\t\t<\/div>\n\t\t\t\t<\/div>\n\t\t\t\t<\/div>\n\t\t<div id=\"e-n-tab-content-2243926152\" role=\"tabpanel\" aria-labelledby=\"e-n-tab-title-2243926152\" data-tab-index=\"2\" style=\"--n-tabs-title-order: 2;\" class=\"elementor-element elementor-element-75e3977 e-con-full e-flex e-con e-child\" data-id=\"75e3977\" data-element_type=\"container\" data-e-type=\"container\" data-settings=\"{&quot;background_background&quot;:&quot;classic&quot;}\">\n\t\t\t\t<div class=\"elementor-element elementor-element-4d5621f elementor-widget elementor-widget-text-editor\" data-id=\"4d5621f\" data-element_type=\"widget\" data-e-type=\"widget\" data-widget_type=\"text-editor.default\">\n\t\t\t\t<div class=\"elementor-widget-container\">\n\t\t\t\t\t\t\t\t\t<p style=\"text-align: center;\"><strong>Requeriments<\/strong><\/p><p>Nationals of the following countries do not require a Visa to enter El Salvador for tourism or family visits when period time does not exceed 90 days or just for transit.<\/p><p>If your country is not listed above, you will need to apply for a Consular Visa at the Salvadoran Embassies abroad or a Consulted Visa through the Ministry of Foreign Affairs. It is highly recommended to review these requirements in the <strong><a href=\"https:\/\/www.migracion.gob.sv\/servicios\/listado-visa\/\" target=\"_blank\" rel=\"noopener\">following web page.<\/a><\/strong>.\u00a0<\/p>\t\t\t\t\t\t\t\t<\/div>\n\t\t\t\t<\/div>\n\t\t\t\t<\/div>\n\t\t\t\t\t<\/div>\n\t\t<\/div>\n\t\t\t\t\t\t<\/div>\n\t\t\t\t<\/div>\n\t\t\t\t\t<\/div>\n\t\t\t\t<\/div>\n\t\t<div class=\"elementor-element elementor-element-41a43b4 e-flex e-con-boxed e-con e-parent\" data-id=\"41a43b4\" data-element_type=\"container\" data-e-type=\"container\">\n\t\t\t\t\t<div class=\"e-con-inner\">\n\t\t<div class=\"elementor-element elementor-element-450408c e-con-full e-flex e-con e-child\" data-id=\"450408c\" data-element_type=\"container\" data-e-type=\"container\">\n\t\t\t\t<div class=\"elementor-element elementor-element-d76f35f elementor-widget elementor-widget-image\" data-id=\"d76f35f\" data-element_type=\"widget\" data-e-type=\"widget\" data-widget_type=\"image.default\">\n\t\t\t\t<div class=\"elementor-widget-container\">\n\t\t\t\t\t\t\t\t\t\t\t\t\t\t\t<img decoding=\"async\" src=\"https:\/\/elsalvador.travel\/esp\/wp-content\/uploads\/elementor\/thumbs\/moneda-r729tki6a09hakwsbrrzt1posgzjk9erk1gu8zw56g.png\" title=\"moneda\" alt=\"moneda\" loading=\"lazy\" \/>\t\t\t\t\t\t\t\t\t\t\t\t\t\t\t<\/div>\n\t\t\t\t<\/div>\n\t\t\t\t<div class=\"elementor-element elementor-element-fb525d7 elementor-widget elementor-widget-heading\" data-id=\"fb525d7\" data-element_type=\"widget\" data-e-type=\"widget\" data-widget_type=\"heading.default\">\n\t\t\t\t<div class=\"elementor-widget-container\">\n\t\t\t\t\t<h2 class=\"elementor-heading-title elementor-size-default\">Currency\n<\/h2>\t\t\t\t<\/div>\n\t\t\t\t<\/div>\n\t\t\t\t<div class=\"elementor-element elementor-element-2a6f362 elementor-widget elementor-widget-text-editor\" data-id=\"2a6f362\" data-element_type=\"widget\" data-e-type=\"widget\" data-widget_type=\"text-editor.default\">\n\t\t\t\t<div class=\"elementor-widget-container\">\n\t\t\t\t\t\t\t\t\t<p style=\"text-align: center;\">US Dollar (USD)<br \/>Bitcoin (BTC)<\/p>\t\t\t\t\t\t\t\t<\/div>\n\t\t\t\t<\/div>\n\t\t\t\t<\/div>\n\t\t<div class=\"elementor-element elementor-element-1bba8bf e-con-full e-flex e-con e-child\" data-id=\"1bba8bf\" data-element_type=\"container\" data-e-type=\"container\">\n\t\t\t\t<div class=\"elementor-element elementor-element-8c97181 elementor-widget elementor-widget-image\" data-id=\"8c97181\" data-element_type=\"widget\" data-e-type=\"widget\" data-widget_type=\"image.default\">\n\t\t\t\t<div class=\"elementor-widget-container\">\n\t\t\t\t\t\t\t\t\t\t\t\t\t\t\t<img decoding=\"async\" src=\"https:\/\/elsalvador.travel\/esp\/wp-content\/uploads\/elementor\/thumbs\/language-r729x4c83h4h5jr3lb1985gdkvhgn3i9dm6vimmlo8.png\" title=\"language\" alt=\"language\" loading=\"lazy\" \/>\t\t\t\t\t\t\t\t\t\t\t\t\t\t\t<\/div>\n\t\t\t\t<\/div>\n\t\t\t\t<div class=\"elementor-element elementor-element-f533f6c elementor-widget elementor-widget-heading\" data-id=\"f533f6c\" data-element_type=\"widget\" data-e-type=\"widget\" data-widget_type=\"heading.default\">\n\t\t\t\t<div class=\"elementor-widget-container\">\n\t\t\t\t\t<h2 class=\"elementor-heading-title elementor-size-default\">Official Language\n<\/h2>\t\t\t\t<\/div>\n\t\t\t\t<\/div>\n\t\t\t\t<div class=\"elementor-element elementor-element-00e626f elementor-widget elementor-widget-text-editor\" data-id=\"00e626f\" data-element_type=\"widget\" data-e-type=\"widget\" data-widget_type=\"text-editor.default\">\n\t\t\t\t<div class=\"elementor-widget-container\">\n\t\t\t\t\t\t\t\t\t<p style=\"text-align: center;\">Spanish<\/p>\t\t\t\t\t\t\t\t<\/div>\n\t\t\t\t<\/div>\n\t\t\t\t<\/div>\n\t\t<div class=\"elementor-element elementor-element-09abbb3 e-con-full e-flex e-con e-child\" data-id=\"09abbb3\" data-element_type=\"container\" data-e-type=\"container\">\n\t\t\t\t<div class=\"elementor-element elementor-element-d4e821d elementor-widget elementor-widget-image\" data-id=\"d4e821d\" data-element_type=\"widget\" data-e-type=\"widget\" data-widget_type=\"image.default\">\n\t\t\t\t<div class=\"elementor-widget-container\">\n\t\t\t\t\t\t\t\t\t\t\t\t\t\t\t<img decoding=\"async\" src=\"https:\/\/elsalvador.travel\/esp\/wp-content\/uploads\/elementor\/thumbs\/clima-r729y26exiesridy3pntpwwyyquoc78li9ocsl8fg8.png\" title=\"clima\" alt=\"clima\" loading=\"lazy\" \/>\t\t\t\t\t\t\t\t\t\t\t\t\t\t\t<\/div>\n\t\t\t\t<\/div>\n\t\t\t\t<div class=\"elementor-element elementor-element-1ea6d58 elementor-widget elementor-widget-heading\" data-id=\"1ea6d58\" data-element_type=\"widget\" data-e-type=\"widget\" data-widget_type=\"heading.default\">\n\t\t\t\t<div class=\"elementor-widget-container\">\n\t\t\t\t\t<h2 class=\"elementor-heading-title elementor-size-default\">Climate<\/h2>\t\t\t\t<\/div>\n\t\t\t\t<\/div>\n\t\t\t\t<div class=\"elementor-element elementor-element-b1594ef elementor-widget elementor-widget-text-editor\" data-id=\"b1594ef\" data-element_type=\"widget\" data-e-type=\"widget\" data-widget_type=\"text-editor.default\">\n\t\t\t\t<div class=\"elementor-widget-container\">\n\t\t\t\t\t\t\t\t\t<p style=\"text-align: center;\">Generally, the climate of<br \/>El Salvador is warm or tropical during the greater part of the year. The annual average temperature is 28\u00b0C, ranging between 25\u00b0C and 28\u00b0C.<\/p>\t\t\t\t\t\t\t\t<\/div>\n\t\t\t\t<\/div>\n\t\t\t\t<\/div>\n\t\t<div class=\"elementor-element elementor-element-e089d93 e-con-full e-flex e-con e-child\" data-id=\"e089d93\" data-element_type=\"container\" data-e-type=\"container\">\n\t\t\t\t<div class=\"elementor-element elementor-element-cdeb01d elementor-widget elementor-widget-image\" data-id=\"cdeb01d\" data-element_type=\"widget\" data-e-type=\"widget\" data-widget_type=\"image.default\">\n\t\t\t\t<div class=\"elementor-widget-container\">\n\t\t\t\t\t\t\t\t\t\t\t\t\t\t\t<img decoding=\"async\" src=\"https:\/\/elsalvador.travel\/esp\/wp-content\/uploads\/elementor\/thumbs\/banks-r729z5nmwjwub4slp6q5mmybwxg3bhlbnp2qy7lw6w.png\" title=\"banks\" alt=\"banks\" loading=\"lazy\" \/>\t\t\t\t\t\t\t\t\t\t\t\t\t\t\t<\/div>\n\t\t\t\t<\/div>\n\t\t\t\t<div class=\"elementor-element elementor-element-563f24f elementor-widget elementor-widget-heading\" data-id=\"563f24f\" data-element_type=\"widget\" data-e-type=\"widget\" data-widget_type=\"heading.default\">\n\t\t\t\t<div class=\"elementor-widget-container\">\n\t\t\t\t\t<h2 class=\"elementor-heading-title elementor-size-default\">Bank hour service<\/h2>\t\t\t\t<\/div>\n\t\t\t\t<\/div>\n\t\t\t\t<div class=\"elementor-element elementor-element-dfb9448 elementor-widget elementor-widget-text-editor\" data-id=\"dfb9448\" data-element_type=\"widget\" data-e-type=\"widget\" data-widget_type=\"text-editor.default\">\n\t\t\t\t<div class=\"elementor-widget-container\">\n\t\t\t\t\t\t\t\t\t<p style=\"text-align: center;\">08:00 \u2013 16:00. Some banks are the exceptions becouse the work until to 17:00 hours or 19:00 hours.<\/p>\t\t\t\t\t\t\t\t<\/div>\n\t\t\t\t<\/div>\n\t\t\t\t<\/div>\n\t\t\t\t\t<\/div>\n\t\t\t\t<\/div>\n\t\t<div class=\"elementor-element elementor-element-f3b698b e-flex e-con-boxed e-con e-parent\" data-id=\"f3b698b\" data-element_type=\"container\" data-e-type=\"container\">\n\t\t\t\t\t<div class=\"e-con-inner\">\n\t\t<div class=\"elementor-element elementor-element-1631893 e-con-full e-flex e-con e-child\" data-id=\"1631893\" data-element_type=\"container\" data-e-type=\"container\">\n\t\t\t\t<div class=\"elementor-element elementor-element-7dd7c93 elementor-widget elementor-widget-image\" data-id=\"7dd7c93\" data-element_type=\"widget\" data-e-type=\"widget\" data-widget_type=\"image.default\">\n\t\t\t\t<div class=\"elementor-widget-container\">\n\t\t\t\t\t\t\t\t\t\t\t\t\t\t\t<img decoding=\"async\" src=\"https:\/\/elsalvador.travel\/esp\/wp-content\/uploads\/elementor\/thumbs\/cheques-r72a2sb7aivp4xiti97ar7zehhk41f00hnr8no8660.png\" title=\"cheques\" alt=\"cheques\" loading=\"lazy\" \/>\t\t\t\t\t\t\t\t\t\t\t\t\t\t\t<\/div>\n\t\t\t\t<\/div>\n\t\t\t\t<div class=\"elementor-element elementor-element-837731d elementor-widget elementor-widget-heading\" data-id=\"837731d\" data-element_type=\"widget\" data-e-type=\"widget\" data-widget_type=\"heading.default\">\n\t\t\t\t<div class=\"elementor-widget-container\">\n\t\t\t\t\t<h2 class=\"elementor-heading-title elementor-size-default\">Travelers checks\n<\/h2>\t\t\t\t<\/div>\n\t\t\t\t<\/div>\n\t\t\t\t<div class=\"elementor-element elementor-element-2d5eeba elementor-widget elementor-widget-text-editor\" data-id=\"2d5eeba\" data-element_type=\"widget\" data-e-type=\"widget\" data-widget_type=\"text-editor.default\">\n\t\t\t\t<div class=\"elementor-widget-container\">\n\t\t\t\t\t\t\t\t\t<p style=\"text-align: center;\">They can be exchanged at banks and hotels, upon presentation of a passport.<\/p>\t\t\t\t\t\t\t\t<\/div>\n\t\t\t\t<\/div>\n\t\t\t\t<\/div>\n\t\t<div class=\"elementor-element elementor-element-88e6624 e-con-full e-flex e-con e-child\" data-id=\"88e6624\" data-element_type=\"container\" data-e-type=\"container\">\n\t\t\t\t<div class=\"elementor-element elementor-element-0480d14 elementor-widget elementor-widget-image\" data-id=\"0480d14\" data-element_type=\"widget\" data-e-type=\"widget\" data-widget_type=\"image.default\">\n\t\t\t\t<div class=\"elementor-widget-container\">\n\t\t\t\t\t\t\t\t\t\t\t\t\t\t\t<img decoding=\"async\" src=\"https:\/\/elsalvador.travel\/esp\/wp-content\/uploads\/elementor\/thumbs\/internet-r72a3kiczjyat8duxle3u0v8b1p4gc3yljbt1z2czc.png\" title=\"internet\" alt=\"internet\" loading=\"lazy\" \/>\t\t\t\t\t\t\t\t\t\t\t\t\t\t\t<\/div>\n\t\t\t\t<\/div>\n\t\t\t\t<div class=\"elementor-element elementor-element-097c850 elementor-widget elementor-widget-heading\" data-id=\"097c850\" data-element_type=\"widget\" data-e-type=\"widget\" data-widget_type=\"heading.default\">\n\t\t\t\t<div class=\"elementor-widget-container\">\n\t\t\t\t\t<h2 class=\"elementor-heading-title elementor-size-default\">Internet<\/h2>\t\t\t\t<\/div>\n\t\t\t\t<\/div>\n\t\t\t\t<div class=\"elementor-element elementor-element-b1f4d57 elementor-widget elementor-widget-text-editor\" data-id=\"b1f4d57\" data-element_type=\"widget\" data-e-type=\"widget\" data-widget_type=\"text-editor.default\">\n\t\t\t\t<div class=\"elementor-widget-container\">\n\t\t\t\t\t\t\t\t\t<p style=\"text-align: center;\">Easy access to the Internet via WiFi hotspots in business centers, hotels, coffee shops and restaurants.<\/p>\t\t\t\t\t\t\t\t<\/div>\n\t\t\t\t<\/div>\n\t\t\t\t<\/div>\n\t\t<div class=\"elementor-element elementor-element-542da7d e-con-full e-flex e-con e-child\" data-id=\"542da7d\" data-element_type=\"container\" data-e-type=\"container\">\n\t\t\t\t<div class=\"elementor-element elementor-element-a99d8e9 elementor-widget elementor-widget-image\" data-id=\"a99d8e9\" data-element_type=\"widget\" data-e-type=\"widget\" data-widget_type=\"image.default\">\n\t\t\t\t<div class=\"elementor-widget-container\">\n\t\t\t\t\t\t\t\t\t\t\t\t\t\t\t<img decoding=\"async\" src=\"https:\/\/elsalvador.travel\/esp\/wp-content\/uploads\/elementor\/thumbs\/electricidad-r72a7xheovx6o41ugz8swf97ie7f5sf4v49w76lm48.png\" title=\"electricidad\" alt=\"electricidad\" loading=\"lazy\" \/>\t\t\t\t\t\t\t\t\t\t\t\t\t\t\t<\/div>\n\t\t\t\t<\/div>\n\t\t\t\t<div class=\"elementor-element elementor-element-3d876f8 elementor-widget elementor-widget-heading\" data-id=\"3d876f8\" data-element_type=\"widget\" data-e-type=\"widget\" data-widget_type=\"heading.default\">\n\t\t\t\t<div class=\"elementor-widget-container\">\n\t\t\t\t\t<h2 class=\"elementor-heading-title elementor-size-default\">Electricity<\/h2>\t\t\t\t<\/div>\n\t\t\t\t<\/div>\n\t\t\t\t<div class=\"elementor-element elementor-element-c2cef6a elementor-widget elementor-widget-text-editor\" data-id=\"c2cef6a\" data-element_type=\"widget\" data-e-type=\"widget\" data-widget_type=\"text-editor.default\">\n\t\t\t\t<div class=\"elementor-widget-container\">\n\t\t\t\t\t\t\t\t\t<p style=\"text-align: center;\">110 Volts AC, 60 Hz, 220 Volt<\/p>\t\t\t\t\t\t\t\t<\/div>\n\t\t\t\t<\/div>\n\t\t\t\t<\/div>\n\t\t<div class=\"elementor-element elementor-element-3bd8b38 e-con-full e-flex e-con e-child\" data-id=\"3bd8b38\" data-element_type=\"container\" data-e-type=\"container\">\n\t\t\t\t<div class=\"elementor-element elementor-element-7ec64f0 elementor-widget elementor-widget-image\" data-id=\"7ec64f0\" data-element_type=\"widget\" data-e-type=\"widget\" data-widget_type=\"image.default\">\n\t\t\t\t<div class=\"elementor-widget-container\">\n\t\t\t\t\t\t\t\t\t\t\t\t\t\t\t<img decoding=\"async\" src=\"https:\/\/elsalvador.travel\/esp\/wp-content\/uploads\/elementor\/thumbs\/propinas-r72a8kzdfqtcqd3pnreh4rbqd0zli80facl173mrso.png\" title=\"propinas\" alt=\"propinas\" loading=\"lazy\" \/>\t\t\t\t\t\t\t\t\t\t\t\t\t\t\t<\/div>\n\t\t\t\t<\/div>\n\t\t\t\t<div class=\"elementor-element elementor-element-ba6331f elementor-widget elementor-widget-heading\" data-id=\"ba6331f\" data-element_type=\"widget\" data-e-type=\"widget\" data-widget_type=\"heading.default\">\n\t\t\t\t<div class=\"elementor-widget-container\">\n\t\t\t\t\t<h2 class=\"elementor-heading-title elementor-size-default\">Tipping<\/h2>\t\t\t\t<\/div>\n\t\t\t\t<\/div>\n\t\t\t\t<div class=\"elementor-element elementor-element-9768c0a elementor-widget elementor-widget-text-editor\" data-id=\"9768c0a\" data-element_type=\"widget\" data-e-type=\"widget\" data-widget_type=\"text-editor.default\">\n\t\t\t\t<div class=\"elementor-widget-container\">\n\t\t\t\t\t\t\t\t\t<p style=\"text-align: center;\">10% is appropriate in most restaurants and bars. Some already include the tip in the bill.<\/p>\t\t\t\t\t\t\t\t<\/div>\n\t\t\t\t<\/div>\n\t\t\t\t<\/div>\n\t\t\t\t\t<\/div>\n\t\t\t\t<\/div>\n\t\t<div class=\"elementor-element elementor-element-e8e6e8c e-flex e-con-boxed e-con e-parent\" data-id=\"e8e6e8c\" data-element_type=\"container\" data-e-type=\"container\">\n\t\t\t\t\t<div class=\"e-con-inner\">\n\t\t<div class=\"elementor-element elementor-element-101780f e-con-full e-flex e-con e-child\" data-id=\"101780f\" data-element_type=\"container\" data-e-type=\"container\">\n\t\t\t\t<div class=\"elementor-element elementor-element-66b7ef3 elementor-widget elementor-widget-image\" data-id=\"66b7ef3\" data-element_type=\"widget\" data-e-type=\"widget\" data-widget_type=\"image.default\">\n\t\t\t\t<div class=\"elementor-widget-container\">\n\t\t\t\t\t\t\t\t\t\t\t\t\t\t\t<img decoding=\"async\" src=\"https:\/\/elsalvador.travel\/esp\/wp-content\/uploads\/elementor\/thumbs\/transporte-r72agljtpvsdqngjuq4xw8i8qbha5au0q0v3j1qwqg.png\" title=\"transporte\" alt=\"transporte\" loading=\"lazy\" \/>\t\t\t\t\t\t\t\t\t\t\t\t\t\t\t<\/div>\n\t\t\t\t<\/div>\n\t\t\t\t<div class=\"elementor-element elementor-element-ec4e333 elementor-widget elementor-widget-heading\" data-id=\"ec4e333\" data-element_type=\"widget\" data-e-type=\"widget\" data-widget_type=\"heading.default\">\n\t\t\t\t<div class=\"elementor-widget-container\">\n\t\t\t\t\t<h2 class=\"elementor-heading-title elementor-size-default\">Transportation<\/h2>\t\t\t\t<\/div>\n\t\t\t\t<\/div>\n\t\t\t\t<div class=\"elementor-element elementor-element-ac44104 elementor-widget elementor-widget-text-editor\" data-id=\"ac44104\" data-element_type=\"widget\" data-e-type=\"widget\" data-widget_type=\"text-editor.default\">\n\t\t\t\t<div class=\"elementor-widget-container\">\n\t\t\t\t\t\t\t\t\t<p style=\"text-align: center;\">Go to the list of recommended transportation\nEl Salvador clicking the next <a href=\"https:\/\/elsalvador.travel\/esp\/category\/rnt\/transporte\/\" target=\"_blank\" rel=\"noopener\">link<\/a>.<\/p>\t\t\t\t\t\t\t\t<\/div>\n\t\t\t\t<\/div>\n\t\t\t\t<\/div>\n\t\t<div class=\"elementor-element elementor-element-663c3a4 e-con-full e-flex e-con e-child\" data-id=\"663c3a4\" data-element_type=\"container\" data-e-type=\"container\">\n\t\t\t\t<div class=\"elementor-element elementor-element-acf3f87 elementor-widget elementor-widget-image\" data-id=\"acf3f87\" data-element_type=\"widget\" data-e-type=\"widget\" data-widget_type=\"image.default\">\n\t\t\t\t<div class=\"elementor-widget-container\">\n\t\t\t\t\t\t\t\t\t\t\t\t\t\t\t<img decoding=\"async\" src=\"https:\/\/elsalvador.travel\/esp\/wp-content\/uploads\/elementor\/thumbs\/multimedia-r72ai50ax3warn7zuw3xhcifs1vxrfy6lncqudgojc.png\" title=\"multimedia\" alt=\"multimedia\" loading=\"lazy\" \/>\t\t\t\t\t\t\t\t\t\t\t\t\t\t\t<\/div>\n\t\t\t\t<\/div>\n\t\t\t\t<div class=\"elementor-element elementor-element-d4d1c27 elementor-widget elementor-widget-heading\" data-id=\"d4d1c27\" data-element_type=\"widget\" data-e-type=\"widget\" data-widget_type=\"heading.default\">\n\t\t\t\t<div class=\"elementor-widget-container\">\n\t\t\t\t\t<h2 class=\"elementor-heading-title elementor-size-default\">Videos and photos<\/h2>\t\t\t\t<\/div>\n\t\t\t\t<\/div>\n\t\t\t\t<div class=\"elementor-element elementor-element-b7a13d9 elementor-widget elementor-widget-text-editor\" data-id=\"b7a13d9\" data-element_type=\"widget\" data-e-type=\"widget\" data-widget_type=\"text-editor.default\">\n\t\t\t\t<div class=\"elementor-widget-container\">\n\t\t\t\t\t\t\t\t\t<p style=\"text-align: center;\">Discover El Salvador clicking the next <a href=\"https:\/\/sites.google.com\/view\/materiales-el-salvador\/inicio\" target=\"_blank\" rel=\"noopener\">link<\/a>.<\/p>\t\t\t\t\t\t\t\t<\/div>\n\t\t\t\t<\/div>\n\t\t\t\t<\/div>\n\t\t<div class=\"elementor-element elementor-element-b7e5e1a e-con-full e-flex e-con e-child\" data-id=\"b7e5e1a\" data-element_type=\"container\" data-e-type=\"container\">\n\t\t\t\t<\/div>\n\t\t<div class=\"elementor-element elementor-element-60826d0 e-con-full e-flex e-con e-child\" data-id=\"60826d0\" data-element_type=\"container\" data-e-type=\"container\">\n\t\t\t\t<\/div>\n\t\t\t\t\t<\/div>\n\t\t\t\t<\/div>\n\t\t\t\t<\/div>","protected":false},"excerpt":{"rendered":"<p>Sobre El Salvador \u00a1Bienvenidos! Requisitos migratorios \u00a1Bienvenidos! Somos la plataforma oficial de promoci\u00f3n tur\u00edstica de El Salvador. Sin embargo, cada visitante deber\u00e1 seguir los requisitos de ingreso que establezcan los pa\u00edses donde haga escala el vuelo, previo a su llegada a El Salvador. Nuestro trabajo es ayudarte de manera integral para tener la mejor experiencia. [&hellip;]<\/p>\n","protected":false},"author":1,"featured_media":0,"parent":0,"menu_order":0,"comment_status":"closed","ping_status":"closed","template":"","meta":{"_acf_changed":false,"footnotes":""},"class_list":["post-16619","page","type-page","status-publish","hentry"],"acf":[],"publishpress_future_action":{"enabled":false,"date":"2026-04-28 08:48:22","action":"change-status","newStatus":"draft","terms":[],"taxonomy":"","extraData":[]},"publishpress_future_workflow_manual_trigger":{"enabledWorkflows":[]},"_links":{"self":[{"href":"https:\/\/elsalvador.travel\/esp\/en\/wp-json\/wp\/v2\/pages\/16619","targetHints":{"allow":["GET"]}}],"collection":[{"href":"https:\/\/elsalvador.travel\/esp\/en\/wp-json\/wp\/v2\/pages"}],"about":[{"href":"https:\/\/elsalvador.travel\/esp\/en\/wp-json\/wp\/v2\/types\/page"}],"author":[{"embeddable":true,"href":"https:\/\/elsalvador.travel\/esp\/en\/wp-json\/wp\/v2\/users\/1"}],"replies":[{"embeddable":true,"href":"https:\/\/elsalvador.travel\/esp\/en\/wp-json\/wp\/v2\/comments?post=16619"}],"version-history":[{"count":55,"href":"https:\/\/elsalvador.travel\/esp\/en\/wp-json\/wp\/v2\/pages\/16619\/revisions"}],"predecessor-version":[{"id":17843,"href":"https:\/\/elsalvador.travel\/esp\/en\/wp-json\/wp\/v2\/pages\/16619\/revisions\/17843"}],"wp:attachment":[{"href":"https:\/\/elsalvador.travel\/esp\/en\/wp-json\/wp\/v2\/media?parent=16619"}],"curies":[{"name":"wp","href":"https:\/\/api.w.org\/{rel}","templated":true}]}}